{"id":553,"date":"2024-11-26T08:55:28","date_gmt":"2024-11-26T08:55:28","guid":{"rendered":"https:\/\/www.zukorfoundation.com\/?page_id=553"},"modified":"2024-12-03T09:44:06","modified_gmt":"2024-12-03T09:44:06","slug":"contact","status":"publish","type":"page","link":"https:\/\/www.zukorfoundation.com\/?page_id=553","title":{"rendered":"Contact"},"content":{"rendered":"<p>[et_pb_section fb_built=&#8221;1&#8243; _builder_version=&#8221;4.24.0&#8243; _module_preset=&#8221;default&#8221; background_color=&#8221;#000000&#8243; custom_padding=&#8221;||0px||false|false&#8221; global_colors_info=&#8221;{}&#8221;][et_pb_row _builder_version=&#8221;4.24.0&#8243; _module_preset=&#8221;default&#8221; width=&#8221;100%&#8221; max_width=&#8221;100%&#8221; custom_padding=&#8221;||0px||false|false&#8221; global_module=&#8221;255&#8243; saved_tabs=&#8221;all&#8221; global_colors_info=&#8221;{}&#8221;][et_pb_column type=&#8221;4_4&#8243; _builder_version=&#8221;4.24.0&#8243; _module_preset=&#8221;default&#8221; global_colors_info=&#8221;{}&#8221;][et_pb_image src=&#8221;https:\/\/www.zukorfoundation.com\/wp-content\/uploads\/2024\/03\/logo_horizontal_white-1.png&#8221; url=&#8221;http:\/\/zukorfoundation.com&#8221; align=&#8221;center&#8221; _builder_version=&#8221;4.24.0&#8243; _module_preset=&#8221;default&#8221; width=&#8221;20%&#8221; width_tablet=&#8221;36%&#8221; width_phone=&#8221;40%&#8221; width_last_edited=&#8221;on|desktop&#8221; max_width=&#8221;300px&#8221; module_alignment=&#8221;center&#8221; global_colors_info=&#8221;{}&#8221;][\/et_pb_image][et_pb_divider color=&#8221;#264f7c&#8221; divider_weight=&#8221;2px&#8221; _builder_version=&#8221;4.24.0&#8243; _module_preset=&#8221;default&#8221; global_colors_info=&#8221;{}&#8221;][\/et_pb_divider][\/et_pb_column][\/et_pb_row][\/et_pb_section][et_pb_section fb_built=&#8221;1&#8243; _builder_version=&#8221;4.24.0&#8243; _module_preset=&#8221;default&#8221; background_color=&#8221;#000000&#8243; custom_padding=&#8221;20px||0px||false|false&#8221; global_module=&#8221;220&#8243; saved_tabs=&#8221;all&#8221; global_colors_info=&#8221;{}&#8221;][et_pb_row _builder_version=&#8221;4.24.0&#8243; _module_preset=&#8221;default&#8221; custom_padding=&#8221;0px||||false|false&#8221; global_colors_info=&#8221;{}&#8221;][et_pb_column type=&#8221;4_4&#8243; _builder_version=&#8221;4.24.0&#8243; _module_preset=&#8221;default&#8221; global_colors_info=&#8221;{}&#8221;][et_pb_menu menu_style=&#8221;centered&#8221; active_link_color=&#8221;#FFFFFF&#8221; dropdown_menu_bg_color=&#8221;#000000&#8243; dropdown_menu_line_color=&#8221;#000000&#8243; dropdown_menu_text_color=&#8221;#FFFFFF&#8221; mobile_menu_bg_color=&#8221;#000000&#8243; mobile_menu_text_color=&#8221;#FFFFFF&#8221; menu_icon_color=&#8221;#FFFFFF&#8221; _builder_version=&#8221;4.24.0&#8243; _module_preset=&#8221;default&#8221; menu_font=&#8221;Montserrat|300|||||||&#8221; menu_text_color=&#8221;#FFFFFF&#8221; menu_font_size=&#8221;16px&#8221; background_color=&#8221;#000000&#8243; global_colors_info=&#8221;{}&#8221; active_link_color__hover_enabled=&#8221;on|hover&#8221; active_link_color__hover=&#8221;#0C71C3&#8243; menu_text_color__hover_enabled=&#8221;on|hover&#8221; menu_text_color__hover=&#8221;#264f7c&#8221;][\/et_pb_menu][\/et_pb_column][\/et_pb_row][\/et_pb_section][et_pb_section fb_built=&#8221;1&#8243; _builder_version=&#8221;4.24.0&#8243; _module_preset=&#8221;default&#8221; background_color=&#8221;#000000&#8243; custom_margin=&#8221;||-28px||false|false&#8221; custom_padding=&#8221;0px||0px||false|false&#8221; top_divider_color=&#8221;#000000&#8243; top_divider_height=&#8221;70px&#8221; top_divider_repeat=&#8221;1x&#8221; top_divider_arrangement=&#8221;above_content&#8221; bottom_divider_color=&#8221;#000000&#8243; bottom_divider_height=&#8221;70px&#8221; bottom_divider_repeat=&#8221;1x&#8221; bottom_divider_arrangement=&#8221;above_content&#8221; global_colors_info=&#8221;{}&#8221;][et_pb_row use_custom_gutter=&#8221;on&#8221; gutter_width=&#8221;2&#8243; make_equal=&#8221;on&#8221; _builder_version=&#8221;4.24.0&#8243; _module_preset=&#8221;default&#8221; use_background_color_gradient=&#8221;on&#8221; background_color_gradient_type=&#8221;circular&#8221; background_color_gradient_stops=&#8221;rgba(0,0,0,0.87) 0%|#000000 100%&#8221; background_color_gradient_overlays_image=&#8221;on&#8221; background_image=&#8221;https:\/\/postmelone.com\/wp-content\/uploads\/2024\/02\/paramount-gate.jpg&#8221; width=&#8221;100%&#8221; module_alignment=&#8221;center&#8221; min_height=&#8221;583.9px&#8221; custom_margin=&#8221;9px|auto||auto||&#8221; custom_padding=&#8221;20px|20px|0px|20px|false|false&#8221; global_colors_info=&#8221;{}&#8221;][et_pb_column type=&#8221;4_4&#8243; _builder_version=&#8221;4.24.0&#8243; _module_preset=&#8221;default&#8221; global_colors_info=&#8221;{}&#8221;][et_pb_text _builder_version=&#8221;4.27.0&#8243; _module_preset=&#8221;default&#8221; text_font=&#8221;Montserrat||||||||&#8221; text_text_color=&#8221;#FFFFFF&#8221; text_line_height=&#8221;2em&#8221; link_text_color=&#8221;#FFFFFF&#8221; header_3_font=&#8221;Montserrat|300|||||||&#8221; header_3_text_color=&#8221;#FFFFFF&#8221; header_3_font_size=&#8221;30px&#8221; background_enable_image=&#8221;off&#8221; text_orientation=&#8221;center&#8221; custom_padding=&#8221;||66px|||&#8221; custom_padding_tablet=&#8221;100px|30px|100px|30px|false|false&#8221; custom_padding_phone=&#8221;0px||||false|false&#8221; custom_padding_last_edited=&#8221;on|phone&#8221; hover_enabled=&#8221;0&#8243; text_font_size_tablet=&#8221;&#8221; text_font_size_phone=&#8221;14px&#8221; text_font_size_last_edited=&#8221;on|phone&#8221; global_colors_info=&#8221;{}&#8221; background__hover_enabled=&#8221;off|hover&#8221; sticky_enabled=&#8221;0&#8243; text_orientation_last_edited=&#8221;on|phone&#8221; text_orientation_phone=&#8221;left&#8221; text_orientation_tablet=&#8221;center&#8221;]<\/p>\n<div class=\"elementor-element elementor-element-75a6f9c elementor-widget elementor-widget-heading\" data-id=\"75a6f9c\" data-element_type=\"widget\" data-widget_type=\"heading.default\">\n<div class=\"elementor-widget-container\">\n<div class=\"elementor-element elementor-element-75a6f9c elementor-widget elementor-widget-heading\" data-id=\"75a6f9c\" data-element_type=\"widget\" data-widget_type=\"heading.default\">\n<div class=\"elementor-widget-container\">\n<p><span><strong>Name, location and contact details of the Foundation<\/strong>:<\/span><\/p>\n<p><span>AZ Tehets\u00e9gt\u00e1mogat\u00f3 Alap\u00edtv\u00e1ny<\/span><\/p>\n<p><span><\/span><\/p>\n<p><span><strong>Address<\/strong>:<\/span><\/p>\n<p><span>2093 Budajen\u0151, Szitak\u00f6t\u0151 utca 11.<\/span><\/p>\n<p><span><\/span><\/p>\n<p><span><strong>E-mail<\/strong>:<\/span><\/p>\n<p><a href=\"mailto:info@zukorfoundation.com\">info@zukorfoundation.com<\/a><\/p>\n<p>&nbsp;<\/p>\n<p><span><strong>Registration number<\/strong>: 13-01-0004362<\/span><\/p>\n<p><span><\/span><\/p>\n<p><span><strong>Tax number<\/strong>: 19355614-1-13<\/span><\/p>\n<p><span><\/span><\/p>\n<p><span><strong>Bank account number<\/strong>:<\/span><\/p>\n<p><span>11742348-21461015<\/span><\/p>\n<p><span><\/span><\/p>\n<p><em>Our foundation was registered by the Budapest District Court in 2023.<\/em><\/p>\n<\/div>\n<\/div>\n<\/div>\n<\/div>\n<p>[\/et_pb_text][\/et_pb_column][\/et_pb_row][\/et_pb_section][et_pb_section fb_built=&#8221;1&#8243; _builder_version=&#8221;4.24.0&#8243; _module_preset=&#8221;default&#8221; background_color=&#8221;#000000&#8243; custom_padding=&#8221;0px||||false|false&#8221; global_module=&#8221;362&#8243; saved_tabs=&#8221;all&#8221; global_colors_info=&#8221;{}&#8221;][et_pb_row _builder_version=&#8221;4.24.0&#8243; _module_preset=&#8221;default&#8221; width=&#8221;100%&#8221; max_width=&#8221;100%&#8221; custom_padding=&#8221;||0px||false|false&#8221; global_colors_info=&#8221;{}&#8221;][et_pb_column type=&#8221;4_4&#8243; _builder_version=&#8221;4.24.0&#8243; _module_preset=&#8221;default&#8221; global_colors_info=&#8221;{}&#8221;][et_pb_divider color=&#8221;#264f7c&#8221; divider_weight=&#8221;2px&#8221; _builder_version=&#8221;4.24.0&#8243; _module_preset=&#8221;default&#8221; global_colors_info=&#8221;{}&#8221;][\/et_pb_divider][\/et_pb_column][\/et_pb_row][et_pb_row disabled_on=&#8221;on|on|off&#8221; _builder_version=&#8221;4.24.0&#8243; _module_preset=&#8221;default&#8221; global_colors_info=&#8221;{}&#8221;][et_pb_column type=&#8221;4_4&#8243; _builder_version=&#8221;4.24.0&#8243; _module_preset=&#8221;default&#8221; global_colors_info=&#8221;{}&#8221;][et_pb_image src=&#8221;https:\/\/www.zukorfoundation.com\/wp-content\/uploads\/2024\/03\/logo_vertical_white_1.png&#8221; align=&#8221;center&#8221; _builder_version=&#8221;4.24.0&#8243; _module_preset=&#8221;default&#8221; width=&#8221;20%&#8221; width_tablet=&#8221;30%&#8221; width_phone=&#8221;10%&#8221; width_last_edited=&#8221;on|phone&#8221; max_width=&#8221;50px&#8221; module_alignment=&#8221;center&#8221; global_colors_info=&#8221;{}&#8221;][\/et_pb_image][et_pb_text _builder_version=&#8221;4.27.0&#8243; _module_preset=&#8221;default&#8221; text_font=&#8221;Montserrat|300|||||||&#8221; text_text_color=&#8221;#FFFFFF&#8221; link_font=&#8221;Montserrat||||||||&#8221; link_text_align=&#8221;left&#8221; link_text_color=&#8221;#FFFFFF&#8221; text_orientation=&#8221;center&#8221; global_colors_info=&#8221;{}&#8221;]<\/p>\n<p>info@zukorfoundation.com<\/p>\n<p><a href=\"https:\/\/www.zukorfoundation.com\/?page_id=543\"><strong>Sustainability<\/strong><\/a><\/p>\n<p><a href=\"https:\/\/www.zukorfoundation.com\/?page_id=553\"><strong>Contact<\/strong><\/a><\/p>\n<p>[\/et_pb_text][\/et_pb_column][\/et_pb_row][et_pb_row disabled_on=&#8221;off|off|off&#8221; _builder_version=&#8221;4.24.0&#8243; _module_preset=&#8221;default&#8221; global_colors_info=&#8221;{}&#8221;][et_pb_column type=&#8221;4_4&#8243; _builder_version=&#8221;4.24.0&#8243; _module_preset=&#8221;default&#8221; global_colors_info=&#8221;{}&#8221;][et_pb_image src=&#8221;https:\/\/www.zukorfoundation.com\/wp-content\/uploads\/2024\/03\/logo_vertical_white_1.png&#8221; title_text=&#8221;logo_vertical_white_1&#8243; align=&#8221;center&#8221; disabled_on=&#8221;off|off|on&#8221; _builder_version=&#8221;4.24.0&#8243; _module_preset=&#8221;default&#8221; width=&#8221;30%&#8221; width_tablet=&#8221;30%&#8221; width_phone=&#8221;25%&#8221; width_last_edited=&#8221;on|phone&#8221; module_alignment=&#8221;center&#8221; global_colors_info=&#8221;{}&#8221;][\/et_pb_image][et_pb_text disabled_on=&#8221;off|off|on&#8221; _builder_version=&#8221;4.27.0&#8243; _module_preset=&#8221;default&#8221; text_font=&#8221;Montserrat|300|||||||&#8221; text_text_color=&#8221;#FFFFFF&#8221; link_font=&#8221;Montserrat||||||||&#8221; link_text_color=&#8221;#FFFFFF&#8221; text_orientation=&#8221;center&#8221; global_colors_info=&#8221;{}&#8221;]<\/p>\n<p>info@zukorfoundation.com<\/p>\n<p><a href=\"https:\/\/www.zukorfoundation.com\/?page_id=543\"><strong>Sustainability<\/strong><\/a><\/p>\n<p><strong><a href=\"https:\/\/www.zukorfoundation.com\/?page_id=553\">Contact<\/a><\/strong><\/p>\n<p>[\/et_pb_text][\/et_pb_column][\/et_pb_row][\/et_pb_section]<\/p>\n","protected":false},"excerpt":{"rendered":"<p>Name, location and contact details of the Foundation: AZ Tehets\u00e9gt\u00e1mogat\u00f3 Alap\u00edtv\u00e1ny Address: 2093 Budajen\u0151, Szitak\u00f6t\u0151 utca 11. E-mail: info@zukorfoundation.com &nbsp; Registration number: 13-01-0004362 Tax number: 19355614-1-13 Bank account number: 11742348-21461015 Our foundation was registered by the Budapest District Court in 2023. info@zukorfoundation.com Sustainability Contactinfo@zukorfoundation.com Sustainability Contact<\/p>\n","protected":false},"author":1,"featured_media":0,"parent":0,"menu_order":0,"comment_status":"closed","ping_status":"closed","template":"page-template-blank.php","meta":{"_et_pb_use_builder":"on","_et_pb_old_content":"","_et_gb_content_width":"","footnotes":""},"class_list":["post-553","page","type-page","status-publish","hentry"],"_links":{"self":[{"href":"https:\/\/www.zukorfoundation.com\/index.php?rest_route=\/wp\/v2\/pages\/553","targetHints":{"allow":["GET"]}}],"collection":[{"href":"https:\/\/www.zukorfoundation.com\/index.php?rest_route=\/wp\/v2\/pages"}],"about":[{"href":"https:\/\/www.zukorfoundation.com\/index.php?rest_route=\/wp\/v2\/types\/page"}],"author":[{"embeddable":true,"href":"https:\/\/www.zukorfoundation.com\/index.php?rest_route=\/wp\/v2\/users\/1"}],"replies":[{"embeddable":true,"href":"https:\/\/www.zukorfoundation.com\/index.php?rest_route=%2Fwp%2Fv2%2Fcomments&post=553"}],"version-history":[{"count":11,"href":"https:\/\/www.zukorfoundation.com\/index.php?rest_route=\/wp\/v2\/pages\/553\/revisions"}],"predecessor-version":[{"id":576,"href":"https:\/\/www.zukorfoundation.com\/index.php?rest_route=\/wp\/v2\/pages\/553\/revisions\/576"}],"wp:attachment":[{"href":"https:\/\/www.zukorfoundation.com\/index.php?rest_route=%2Fwp%2Fv2%2Fmedia&parent=553"}],"curies":[{"name":"wp","href":"https:\/\/api.w.org\/{rel}","templated":true}]}}